{"id":3743,"date":"2023-06-14T12:47:57","date_gmt":"2023-06-14T17:47:57","guid":{"rendered":"https:\/\/meximagingworkshops.org.mx\/?page_id=3743"},"modified":"2023-06-14T13:21:57","modified_gmt":"2023-06-14T18:21:57","slug":"mbw5-memories-2023","status":"publish","type":"page","link":"https:\/\/meximagingworkshops.org.mx\/es\/mbw5-memories-2023\/","title":{"rendered":"MBW5 &#8211; Memories 2023"},"content":{"rendered":"<p><a href=\"http:\/\/meximagingworkshops.org.mx\/wp-content\/uploads\/2019\/07\/MBW5_Memorias-del-Congreso.pdf\">Haz click\u00a0 para descargar el archivo:<\/a><strong><a href=\"http:\/\/meximagingworkshops.org.mx\/wp-content\/uploads\/2019\/07\/MBW5_Memorias-del-Congreso.pdf\"> MBW5_Memorias del Evento<\/a><\/strong><\/p>\n<p>Microscop\u00eda \u00f3ptica y electr\u00f3nica: t\u00e9cnicas avanzadas y microdisecci\u00f3n l\u00e1ser.<\/p>\n<p>Universidad Nacional Aut\u00f3noma de M\u00e9xico<\/p>\n<p>Dr. Enrique Graue Wiechers<br \/>\nRector<\/p>\n<p>Dra. Mar\u00eda Soledad Funes Arg\u00fcello<br \/>\nDirectora del Instituto de Fisiolog\u00eda Celular<\/p>\n<p>Dra. Ana Elena Escalante Hern\u00e1ndez<br \/>\nDirectora del Instituto de Ecolog\u00eda<\/p>\n<p>Dr. Julio E. Campo Alves<br \/>\nSecretario acad\u00e9mico del Instituto de Ecolog\u00eda<\/p>\n<p>Dra. Graciela Garc\u00eda Guzm\u00e1n, Lic. Mar\u00eda de Jes\u00fas Monroy Flores y Lic. Nayeli Ram\u00edrez Salinas<br \/>\nSecretar\u00eda t\u00e9cnica y de gesti\u00f3n del Instituto de Ecolog\u00eda<\/p>\n<p>Lic. Ver\u00f3nica Andrade Cruz<br \/>\nSecretaria administrativa del Instituto de Ecolog\u00eda<\/p>\n<p>Arq. Silvia Rangel Ch\u00e1vez<br \/>\nJefa de servicios generales del Instituto de Ecolog\u00eda<\/p>\n<p>&nbsp;<\/p>","protected":false},"excerpt":{"rendered":"<p>Haz click\u00a0 para descargar el archivo: MBW5_Memorias del Evento Microscop\u00eda \u00f3ptica y electr\u00f3nica: t\u00e9cnicas avanzadas y microdisecci\u00f3n l\u00e1ser. Universidad Nacional Aut\u00f3noma de M\u00e9xico Dr. Enrique Graue Wiechers Rector Dra. Mar\u00eda Soledad Funes Arg\u00fcello Directora del Instituto de Fisiolog\u00eda Celular Dra. Ana Elena Escalante Hern\u00e1ndez Directora del Instituto de Ecolog\u00eda Dr. Julio E. Campo Alves Secretario &hellip; <span class=\"more-link-wrap\"><a href=\"https:\/\/meximagingworkshops.org.mx\/es\/mbw5-memories-2023\/\" class=\"more-link\">Read More <span class=\"screen-reader-text\"> &#8220;MBW5 &#8211; Memories 2023&#8221;<\/span><\/a><\/span><\/p>","protected":false},"author":1,"featured_media":0,"parent":0,"menu_order":0,"comment_status":"closed","ping_status":"closed","template":"","meta":{"om_disable_all_campaigns":false,"inline_featured_image":false,"_monsterinsights_skip_tracking":false,"_monsterinsights_sitenote_active":false,"_monsterinsights_sitenote_note":"","_monsterinsights_sitenote_category":0,"footnotes":""},"class_list":["post-3743","page","type-page","status-publish","hentry"],"aioseo_notices":[],"_links":{"self":[{"href":"https:\/\/meximagingworkshops.org.mx\/es\/wp-json\/wp\/v2\/pages\/3743","targetHints":{"allow":["GET"]}}],"collection":[{"href":"https:\/\/meximagingworkshops.org.mx\/es\/wp-json\/wp\/v2\/pages"}],"about":[{"href":"https:\/\/meximagingworkshops.org.mx\/es\/wp-json\/wp\/v2\/types\/page"}],"author":[{"embeddable":true,"href":"https:\/\/meximagingworkshops.org.mx\/es\/wp-json\/wp\/v2\/users\/1"}],"replies":[{"embeddable":true,"href":"https:\/\/meximagingworkshops.org.mx\/es\/wp-json\/wp\/v2\/comments?post=3743"}],"version-history":[{"count":3,"href":"https:\/\/meximagingworkshops.org.mx\/es\/wp-json\/wp\/v2\/pages\/3743\/revisions"}],"predecessor-version":[{"id":3749,"href":"https:\/\/meximagingworkshops.org.mx\/es\/wp-json\/wp\/v2\/pages\/3743\/revisions\/3749"}],"wp:attachment":[{"href":"https:\/\/meximagingworkshops.org.mx\/es\/wp-json\/wp\/v2\/media?parent=3743"}],"curies":[{"name":"wp","href":"https:\/\/api.w.org\/{rel}","templated":true}]}}